{"id":2,"date":"2026-03-16T14:48:59","date_gmt":"2026-03-16T14:48:59","guid":{"rendered":"http:\/\/spurgeon.com.br\/?page_id=2"},"modified":"2026-03-16T18:31:33","modified_gmt":"2026-03-16T18:31:33","slug":"sample-page","status":"publish","type":"page","link":"https:\/\/spurgeon.com.br\/?page_id=2","title":{"rendered":"Sobre C. H. Spurgeon"},"content":{"rendered":"\n<p>Charles Haddon Spurgeon entrou no descanso de Jesus no dia 31 de janeiro de 1892, quando se encontrava em Menton, no sul da Fran\u00e7a. Alguns dias depois, realizava-se o seu funeral no Cemit\u00e9rio de Nordwood, em Londres, sendo sepultado em um determinado local que ele pr\u00f3prio tinha indicado a um amigo, pouco antes de sua morte. O Pastor Archibald Brown dirigiu o solene culto f\u00fanebre, e quase n\u00e3o houve olhos que n\u00e3o vertessem l\u00e1grimas, quando, ao terminar, disse:<\/p>\n\n\n\n<blockquote class=\"wp-block-quote is-layout-flow wp-block-quote-is-layout-flow\">\n<p><em>\u2026 Campe\u00e3o de Deus! A tua longa batalha e nobre combate acabaram. A espada que estava em tua m\u00e3o caiu finalmente; um ramo de palmeira tomou o lugar dela. N\u00e3o mais o capacete premir\u00e1 a tua testa, pela preocupa\u00e7\u00e3o constante dos teus pensamentos vibrantes sobre combate; a coroa da vit\u00f3ria, entregue pela pr\u00f3pria m\u00e3o do grande Comandante, \u00e9 a prova evidente de tua nobre recompensa\u2026<\/em><\/p>\n<\/blockquote>\n\n\n\n<p>\u00a0Na verdade, estas palavras foram muito apropriadas acerca de algu\u00e9m que t\u00e3o resolutamente se empenhou naquela que \u00e9 \u201cA maior luta do mundo\u201d.<\/p>\n","protected":false},"excerpt":{"rendered":"<p>Charles Haddon Spurgeon entrou no descanso de Jesus no dia 31 de janeiro de 1892, quando se encontrava em Menton, no sul da Fran\u00e7a. Alguns dias depois, realizava-se o seu funeral no Cemit\u00e9rio de Nordwood, em Londres, sendo sepultado em um determinado local que ele pr\u00f3prio tinha indicado a um amigo, pouco antes de sua [&hellip;]<\/p>\n","protected":false},"author":1,"featured_media":0,"parent":0,"menu_order":0,"comment_status":"closed","ping_status":"closed","template":"","meta":{"footnotes":""},"class_list":["post-2","page","type-page","status-publish","hentry"],"yoast_head":"<!-- This site is optimized with the Yoast SEO plugin v27.2 - https:\/\/yoast.com\/product\/yoast-seo-wordpress\/ -->\r\n<title>Sobre C. H. Spurgeon - Spurgeon<\/title>\r\n<meta name=\"robots\" content=\"index, follow, max-snippet:-1, max-image-preview:large, max-video-preview:-1\" \/>\r\n<link rel=\"canonical\" href=\"https:\/\/spurgeon.com.br\/?page_id=2\" \/>\r\n<meta property=\"og:locale\" content=\"pt_BR\" \/>\r\n<meta property=\"og:type\" content=\"article\" \/>\r\n<meta property=\"og:title\" content=\"Sobre C. H. Spurgeon - Spurgeon\" \/>\r\n<meta property=\"og:description\" content=\"Charles Haddon Spurgeon entrou no descanso de Jesus no dia 31 de janeiro de 1892, quando se encontrava em Menton, no sul da Fran\u00e7a. Alguns dias depois, realizava-se o seu funeral no Cemit\u00e9rio de Nordwood, em Londres, sendo sepultado em um determinado local que ele pr\u00f3prio tinha indicado a um amigo, pouco antes de sua [&hellip;]\" \/>\r\n<meta property=\"og:url\" content=\"https:\/\/spurgeon.com.br\/?page_id=2\" \/>\r\n<meta property=\"og:site_name\" content=\"Spurgeon\" \/>\r\n<meta property=\"article:modified_time\" content=\"2026-03-16T18:31:33+00:00\" \/>\r\n<meta name=\"twitter:card\" content=\"summary_large_image\" \/>\r\n<meta name=\"twitter:label1\" content=\"Est. tempo de leitura\" \/>\n\t<meta name=\"twitter:data1\" content=\"1 minuto\" \/>\r\n<script type=\"application\/ld+json\" class=\"yoast-schema-graph\">{\"@context\":\"https:\/\/schema.org\",\"@graph\":[{\"@type\":\"WebPage\",\"@id\":\"https:\/\/spurgeon.com.br\/?page_id=2\",\"url\":\"https:\/\/spurgeon.com.br\/?page_id=2\",\"name\":\"Sobre C. H. Spurgeon - Spurgeon\",\"isPartOf\":{\"@id\":\"https:\/\/spurgeon.com.br\/#website\"},\"datePublished\":\"2026-03-16T14:48:59+00:00\",\"dateModified\":\"2026-03-16T18:31:33+00:00\",\"breadcrumb\":{\"@id\":\"https:\/\/spurgeon.com.br\/?page_id=2#breadcrumb\"},\"inLanguage\":\"pt-BR\",\"potentialAction\":[{\"@type\":\"ReadAction\",\"target\":[\"https:\/\/spurgeon.com.br\/?page_id=2\"]}]},{\"@type\":\"BreadcrumbList\",\"@id\":\"https:\/\/spurgeon.com.br\/?page_id=2#breadcrumb\",\"itemListElement\":[{\"@type\":\"ListItem\",\"position\":1,\"name\":\"In\u00edcio\",\"item\":\"https:\/\/spurgeon.com.br\/\"},{\"@type\":\"ListItem\",\"position\":2,\"name\":\"Sobre C. H. Spurgeon\"}]},{\"@type\":\"WebSite\",\"@id\":\"https:\/\/spurgeon.com.br\/#website\",\"url\":\"https:\/\/spurgeon.com.br\/\",\"name\":\"Spurgeon\",\"description\":\"\",\"potentialAction\":[{\"@type\":\"SearchAction\",\"target\":{\"@type\":\"EntryPoint\",\"urlTemplate\":\"https:\/\/spurgeon.com.br\/?s={search_term_string}\"},\"query-input\":{\"@type\":\"PropertyValueSpecification\",\"valueRequired\":true,\"valueName\":\"search_term_string\"}}],\"inLanguage\":\"pt-BR\"}]}<\/script>\r\n<!-- \/ Yoast SEO plugin. -->","yoast_head_json":{"title":"Sobre C. H. Spurgeon - Spurgeon","robots":{"index":"index","follow":"follow","max-snippet":"max-snippet:-1","max-image-preview":"max-image-preview:large","max-video-preview":"max-video-preview:-1"},"canonical":"https:\/\/spurgeon.com.br\/?page_id=2","og_locale":"pt_BR","og_type":"article","og_title":"Sobre C. H. Spurgeon - Spurgeon","og_description":"Charles Haddon Spurgeon entrou no descanso de Jesus no dia 31 de janeiro de 1892, quando se encontrava em Menton, no sul da Fran\u00e7a. Alguns dias depois, realizava-se o seu funeral no Cemit\u00e9rio de Nordwood, em Londres, sendo sepultado em um determinado local que ele pr\u00f3prio tinha indicado a um amigo, pouco antes de sua [&hellip;]","og_url":"https:\/\/spurgeon.com.br\/?page_id=2","og_site_name":"Spurgeon","article_modified_time":"2026-03-16T18:31:33+00:00","twitter_card":"summary_large_image","twitter_misc":{"Est. tempo de leitura":"1 minuto"},"schema":{"@context":"https:\/\/schema.org","@graph":[{"@type":"WebPage","@id":"https:\/\/spurgeon.com.br\/?page_id=2","url":"https:\/\/spurgeon.com.br\/?page_id=2","name":"Sobre C. H. Spurgeon - Spurgeon","isPartOf":{"@id":"https:\/\/spurgeon.com.br\/#website"},"datePublished":"2026-03-16T14:48:59+00:00","dateModified":"2026-03-16T18:31:33+00:00","breadcrumb":{"@id":"https:\/\/spurgeon.com.br\/?page_id=2#breadcrumb"},"inLanguage":"pt-BR","potentialAction":[{"@type":"ReadAction","target":["https:\/\/spurgeon.com.br\/?page_id=2"]}]},{"@type":"BreadcrumbList","@id":"https:\/\/spurgeon.com.br\/?page_id=2#breadcrumb","itemListElement":[{"@type":"ListItem","position":1,"name":"In\u00edcio","item":"https:\/\/spurgeon.com.br\/"},{"@type":"ListItem","position":2,"name":"Sobre C. H. Spurgeon"}]},{"@type":"WebSite","@id":"https:\/\/spurgeon.com.br\/#website","url":"https:\/\/spurgeon.com.br\/","name":"Spurgeon","description":"","potentialAction":[{"@type":"SearchAction","target":{"@type":"EntryPoint","urlTemplate":"https:\/\/spurgeon.com.br\/?s={search_term_string}"},"query-input":{"@type":"PropertyValueSpecification","valueRequired":true,"valueName":"search_term_string"}}],"inLanguage":"pt-BR"}]}},"_links":{"self":[{"href":"https:\/\/spurgeon.com.br\/index.php?rest_route=\/wp\/v2\/pages\/2","targetHints":{"allow":["GET"]}}],"collection":[{"href":"https:\/\/spurgeon.com.br\/index.php?rest_route=\/wp\/v2\/pages"}],"about":[{"href":"https:\/\/spurgeon.com.br\/index.php?rest_route=\/wp\/v2\/types\/page"}],"author":[{"embeddable":true,"href":"https:\/\/spurgeon.com.br\/index.php?rest_route=\/wp\/v2\/users\/1"}],"replies":[{"embeddable":true,"href":"https:\/\/spurgeon.com.br\/index.php?rest_route=%2Fwp%2Fv2%2Fcomments&post=2"}],"version-history":[{"count":1,"href":"https:\/\/spurgeon.com.br\/index.php?rest_route=\/wp\/v2\/pages\/2\/revisions"}],"predecessor-version":[{"id":10,"href":"https:\/\/spurgeon.com.br\/index.php?rest_route=\/wp\/v2\/pages\/2\/revisions\/10"}],"wp:attachment":[{"href":"https:\/\/spurgeon.com.br\/index.php?rest_route=%2Fwp%2Fv2%2Fmedia&parent=2"}],"curies":[{"name":"wp","href":"https:\/\/api.w.org\/{rel}","templated":true}]}}